{"id":1425,"date":"2017-11-22T18:58:27","date_gmt":"2017-11-22T18:58:27","guid":{"rendered":"http:\/\/cmotin.com\/?page_id=1425"},"modified":"2021-01-09T02:12:56","modified_gmt":"2021-01-09T02:12:56","slug":"design-build","status":"publish","type":"page","link":"https:\/\/cmotin.com\/index.php\/design-build\/","title":{"rendered":"Built"},"content":{"rendered":"<p><strong>Department Addition<\/strong>. Designed in collaboration with Adri\u00e1n Espinosa-Salda\u00f1a.<\/p>\n\n\n<figure class=\"wp-block-gallery aligncenter columns-3 is-cropped wp-block-gallery-1 is-layout-flex wp-block-gallery-is-layout-flex\"><ul class=\"blocks-gallery-grid\"><li class=\"blocks-gallery-item\"><figure><a href=\"http:\/\/cmotin.com\/wp-content\/uploads\/2017\/11\/IMG_3867x-low-res.jpg\" data-rel=\"lightbox-image-0\" data-rl_title=\"\" data-rl_caption=\"\" title=\"\"><img loading=\"lazy\" decoding=\"async\" width=\"150\" height=\"150\" src=\"http:\/\/cmotin.com\/wp-content\/uploads\/2017\/11\/IMG_3867x-low-res-150x150.jpg\" alt=\"\" data-id=\"1433\" data-full-url=\"http:\/\/cmotin.com\/wp-content\/uploads\/2017\/11\/IMG_3867x-low-res.jpg\" data-link=\"http:\/\/cmotin.com\/index.php\/design-build\/img_3867x-low-res\/\" class=\"wp-image-1433\" srcset=\"https:\/\/cmotin.com\/wp-content\/uploads\/2017\/11\/IMG_3867x-low-res-150x150.jpg 150w, https:\/\/cmotin.com\/wp-content\/uploads\/2017\/11\/IMG_3867x-low-res-88x88.jpg 88w, https:\/\/cmotin.com\/wp-content\/uploads\/2017\/11\/IMG_3867x-low-res-45x45.jpg 45w\" sizes=\"auto, (max-width: 150px) 100vw, 150px\" \/><\/a><\/figure><\/li><li class=\"blocks-gallery-item\"><figure><a href=\"http:\/\/cmotin.com\/wp-content\/uploads\/2017\/11\/IMG_3937x-low-res-Post.jpg\" data-rel=\"lightbox-image-1\" data-rl_title=\"\" data-rl_caption=\"\" title=\"\"><img loading=\"lazy\" decoding=\"async\" width=\"150\" height=\"150\" src=\"http:\/\/cmotin.com\/wp-content\/uploads\/2017\/11\/IMG_3937x-low-res-Post-150x150.jpg\" alt=\"\" data-id=\"1432\" data-full-url=\"http:\/\/cmotin.com\/wp-content\/uploads\/2017\/11\/IMG_3937x-low-res-Post.jpg\" data-link=\"http:\/\/cmotin.com\/index.php\/design-build\/img_3937x-low-res-post\/\" class=\"wp-image-1432\" srcset=\"https:\/\/cmotin.com\/wp-content\/uploads\/2017\/11\/IMG_3937x-low-res-Post-150x150.jpg 150w, https:\/\/cmotin.com\/wp-content\/uploads\/2017\/11\/IMG_3937x-low-res-Post-88x88.jpg 88w, https:\/\/cmotin.com\/wp-content\/uploads\/2017\/11\/IMG_3937x-low-res-Post-45x45.jpg 45w\" sizes=\"auto, (max-width: 150px) 100vw, 150px\" \/><\/a><\/figure><\/li><li class=\"blocks-gallery-item\"><figure><a href=\"http:\/\/cmotin.com\/wp-content\/uploads\/2017\/11\/IMG_3915x-low-res-Post.jpg\" data-rel=\"lightbox-image-2\" data-rl_title=\"\" data-rl_caption=\"\" title=\"\"><img loading=\"lazy\" decoding=\"async\" width=\"150\" height=\"150\" src=\"http:\/\/cmotin.com\/wp-content\/uploads\/2017\/11\/IMG_3915x-low-res-Post-150x150.jpg\" alt=\"\" data-id=\"1430\" data-full-url=\"http:\/\/cmotin.com\/wp-content\/uploads\/2017\/11\/IMG_3915x-low-res-Post.jpg\" data-link=\"http:\/\/cmotin.com\/index.php\/design-build\/img_3915x-low-res-post\/\" class=\"wp-image-1430\" srcset=\"https:\/\/cmotin.com\/wp-content\/uploads\/2017\/11\/IMG_3915x-low-res-Post-150x150.jpg 150w, https:\/\/cmotin.com\/wp-content\/uploads\/2017\/11\/IMG_3915x-low-res-Post-88x88.jpg 88w, https:\/\/cmotin.com\/wp-content\/uploads\/2017\/11\/IMG_3915x-low-res-Post-45x45.jpg 45w\" sizes=\"auto, (max-width: 150px) 100vw, 150px\" \/><\/a><\/figure><\/li><li class=\"blocks-gallery-item\"><figure><a href=\"http:\/\/cmotin.com\/wp-content\/uploads\/2017\/11\/IMG_3874x-low-res-Post.jpg\" data-rel=\"lightbox-image-3\" data-rl_title=\"\" data-rl_caption=\"\" title=\"\"><img loading=\"lazy\" decoding=\"async\" width=\"150\" height=\"150\" src=\"http:\/\/cmotin.com\/wp-content\/uploads\/2017\/11\/IMG_3874x-low-res-Post-150x150.jpg\" alt=\"\" data-id=\"1429\" data-full-url=\"http:\/\/cmotin.com\/wp-content\/uploads\/2017\/11\/IMG_3874x-low-res-Post.jpg\" data-link=\"http:\/\/cmotin.com\/index.php\/design-build\/img_3874x-low-res-post\/\" class=\"wp-image-1429\" srcset=\"https:\/\/cmotin.com\/wp-content\/uploads\/2017\/11\/IMG_3874x-low-res-Post-150x150.jpg 150w, https:\/\/cmotin.com\/wp-content\/uploads\/2017\/11\/IMG_3874x-low-res-Post-88x88.jpg 88w, https:\/\/cmotin.com\/wp-content\/uploads\/2017\/11\/IMG_3874x-low-res-Post-45x45.jpg 45w\" sizes=\"auto, (max-width: 150px) 100vw, 150px\" \/><\/a><\/figure><\/li><li class=\"blocks-gallery-item\"><figure><a href=\"http:\/\/cmotin.com\/wp-content\/uploads\/2017\/11\/IMG_3919x-low-res-Post.jpg\" data-rel=\"lightbox-image-4\" data-rl_title=\"\" data-rl_caption=\"\" title=\"\"><img loading=\"lazy\" decoding=\"async\" width=\"150\" height=\"150\" src=\"http:\/\/cmotin.com\/wp-content\/uploads\/2017\/11\/IMG_3919x-low-res-Post-150x150.jpg\" alt=\"\" data-id=\"1431\" data-full-url=\"http:\/\/cmotin.com\/wp-content\/uploads\/2017\/11\/IMG_3919x-low-res-Post.jpg\" data-link=\"http:\/\/cmotin.com\/index.php\/design-build\/img_3919x-low-res-post\/\" class=\"wp-image-1431\" srcset=\"https:\/\/cmotin.com\/wp-content\/uploads\/2017\/11\/IMG_3919x-low-res-Post-150x150.jpg 150w, https:\/\/cmotin.com\/wp-content\/uploads\/2017\/11\/IMG_3919x-low-res-Post-88x88.jpg 88w, https:\/\/cmotin.com\/wp-content\/uploads\/2017\/11\/IMG_3919x-low-res-Post-45x45.jpg 45w\" sizes=\"auto, (max-width: 150px) 100vw, 150px\" \/><\/a><\/figure><\/li><\/ul><\/figure>\n\n\n\n<p><strong>Caballeros Beach House<\/strong>. Designed in collaboration with Adri\u00e1n Espinosa-Salda\u00f1a.<\/p>\n\n\n\n<figure class=\"wp-block-gallery aligncenter columns-3 is-cropped wp-block-gallery-2 is-layout-flex wp-block-gallery-is-layout-flex\"><ul class=\"blocks-gallery-grid\"><li class=\"blocks-gallery-item\"><figure><a href=\"http:\/\/cmotin.com\/wp-content\/uploads\/2017\/11\/2-Post.jpg\" data-rel=\"lightbox-image-5\" data-rl_title=\"\" data-rl_caption=\"\" title=\"\"><img loading=\"lazy\" decoding=\"async\" width=\"150\" height=\"150\" src=\"http:\/\/cmotin.com\/wp-content\/uploads\/2017\/11\/2-Post-150x150.jpg\" alt=\"\" data-id=\"1426\" data-full-url=\"http:\/\/cmotin.com\/wp-content\/uploads\/2017\/11\/2-Post.jpg\" data-link=\"http:\/\/cmotin.com\/index.php\/design-build\/2-post\/\" class=\"wp-image-1426\" srcset=\"https:\/\/cmotin.com\/wp-content\/uploads\/2017\/11\/2-Post-150x150.jpg 150w, https:\/\/cmotin.com\/wp-content\/uploads\/2017\/11\/2-Post-88x88.jpg 88w, https:\/\/cmotin.com\/wp-content\/uploads\/2017\/11\/2-Post-45x45.jpg 45w\" sizes=\"auto, (max-width: 150px) 100vw, 150px\" \/><\/a><\/figure><\/li><li class=\"blocks-gallery-item\"><figure><a href=\"http:\/\/cmotin.com\/wp-content\/uploads\/2017\/11\/6.jpg\" data-rel=\"lightbox-image-6\" data-rl_title=\"\" data-rl_caption=\"\" title=\"\"><img loading=\"lazy\" decoding=\"async\" width=\"150\" height=\"150\" src=\"http:\/\/cmotin.com\/wp-content\/uploads\/2017\/11\/6-150x150.jpg\" alt=\"\" data-id=\"1427\" data-full-url=\"http:\/\/cmotin.com\/wp-content\/uploads\/2017\/11\/6.jpg\" data-link=\"http:\/\/cmotin.com\/index.php\/design-build\/attachment\/6\/\" class=\"wp-image-1427\" srcset=\"https:\/\/cmotin.com\/wp-content\/uploads\/2017\/11\/6-150x150.jpg 150w, https:\/\/cmotin.com\/wp-content\/uploads\/2017\/11\/6-88x88.jpg 88w, https:\/\/cmotin.com\/wp-content\/uploads\/2017\/11\/6-45x45.jpg 45w\" sizes=\"auto, (max-width: 150px) 100vw, 150px\" \/><\/a><\/figure><\/li><li class=\"blocks-gallery-item\"><figure><a href=\"http:\/\/cmotin.com\/wp-content\/uploads\/2017\/11\/8-Post.jpg\" data-rel=\"lightbox-image-7\" data-rl_title=\"\" data-rl_caption=\"\" title=\"\"><img loading=\"lazy\" decoding=\"async\" width=\"150\" height=\"150\" src=\"http:\/\/cmotin.com\/wp-content\/uploads\/2017\/11\/8-Post-150x150.jpg\" alt=\"\" data-id=\"1428\" data-full-url=\"http:\/\/cmotin.com\/wp-content\/uploads\/2017\/11\/8-Post.jpg\" data-link=\"http:\/\/cmotin.com\/index.php\/design-build\/8-post\/\" class=\"wp-image-1428\" srcset=\"https:\/\/cmotin.com\/wp-content\/uploads\/2017\/11\/8-Post-150x150.jpg 150w, https:\/\/cmotin.com\/wp-content\/uploads\/2017\/11\/8-Post-88x88.jpg 88w, https:\/\/cmotin.com\/wp-content\/uploads\/2017\/11\/8-Post-45x45.jpg 45w\" sizes=\"auto, (max-width: 150px) 100vw, 150px\" \/><\/a><\/figure><\/li><\/ul><\/figure>\n\n\n\n<p><strong>Ar\u00e1ndanos Country House<\/strong>. Designed by Carlos Motin.<\/p>\n\n\n\n<figure class=\"wp-block-image size-large is-style-default\"><a href=\"http:\/\/cmotin.com\/wp-content\/uploads\/2021\/01\/FB_IMG_156923688642462702.jpg\" data-rel=\"lightbox-image-8\" data-rl_title=\"\" data-rl_caption=\"\" title=\"\"><img loading=\"lazy\" decoding=\"async\" width=\"1024\" height=\"498\" src=\"http:\/\/cmotin.com\/wp-content\/uploads\/2021\/01\/FB_IMG_156923688642462702-1024x498.jpg\" alt=\"\" class=\"wp-image-1648\" srcset=\"https:\/\/cmotin.com\/wp-content\/uploads\/2021\/01\/FB_IMG_156923688642462702-1024x498.jpg 1024w, https:\/\/cmotin.com\/wp-content\/uploads\/2021\/01\/FB_IMG_156923688642462702-300x146.jpg 300w, https:\/\/cmotin.com\/wp-content\/uploads\/2021\/01\/FB_IMG_156923688642462702-768x373.jpg 768w, https:\/\/cmotin.com\/wp-content\/uploads\/2021\/01\/FB_IMG_156923688642462702-973x473.jpg 973w, https:\/\/cmotin.com\/wp-content\/uploads\/2021\/01\/FB_IMG_156923688642462702-508x247.jpg 508w, https:\/\/cmotin.com\/wp-content\/uploads\/2021\/01\/FB_IMG_156923688642462702.jpg 1068w\" sizes=\"auto, (max-width: 1024px) 100vw, 1024px\" \/><\/a><\/figure>\n","protected":false},"excerpt":{"rendered":"<p>Department Addition. Designed in collaboration with Adri\u00e1n Espinosa-Salda\u00f1a. Caballeros Beach House. Designed in collaboration with Adri\u00e1n Espinosa-Salda\u00f1a. Ar\u00e1ndanos Country House. Designed by Carlos Motin.<\/p>\n","protected":false},"author":1,"featured_media":0,"parent":0,"menu_order":0,"comment_status":"closed","ping_status":"closed","template":"","meta":{"_monsterinsights_skip_tracking":false,"_monsterinsights_sitenote_active":false,"_monsterinsights_sitenote_note":"","_monsterinsights_sitenote_category":0,"_uf_show_specific_survey":0,"_uf_disable_surveys":false,"__cvm_playback_settings":[],"__cvm_video_id":"","footnotes":""},"class_list":["post-1425","page","type-page","status-publish","hentry"],"aioseo_notices":[],"jetpack_sharing_enabled":true,"_links":{"self":[{"href":"https:\/\/cmotin.com\/index.php\/wp-json\/wp\/v2\/pages\/1425","targetHints":{"allow":["GET"]}}],"collection":[{"href":"https:\/\/cmotin.com\/index.php\/wp-json\/wp\/v2\/pages"}],"about":[{"href":"https:\/\/cmotin.com\/index.php\/wp-json\/wp\/v2\/types\/page"}],"author":[{"embeddable":true,"href":"https:\/\/cmotin.com\/index.php\/wp-json\/wp\/v2\/users\/1"}],"replies":[{"embeddable":true,"href":"https:\/\/cmotin.com\/index.php\/wp-json\/wp\/v2\/comments?post=1425"}],"version-history":[{"count":12,"href":"https:\/\/cmotin.com\/index.php\/wp-json\/wp\/v2\/pages\/1425\/revisions"}],"predecessor-version":[{"id":1695,"href":"https:\/\/cmotin.com\/index.php\/wp-json\/wp\/v2\/pages\/1425\/revisions\/1695"}],"wp:attachment":[{"href":"https:\/\/cmotin.com\/index.php\/wp-json\/wp\/v2\/media?parent=1425"}],"curies":[{"name":"wp","href":"https:\/\/api.w.org\/{rel}","templated":true}]}}